{"id":20,"date":"2025-01-23T05:33:23","date_gmt":"2025-01-23T05:33:23","guid":{"rendered":"https:\/\/easycrepe.ca\/?page_id=20"},"modified":"2025-03-17T08:05:07","modified_gmt":"2025-03-17T08:05:07","slug":"shipping-and-return-policy","status":"publish","type":"page","link":"https:\/\/easycrepe.ca\/fr\/shipping-and-return-policy\/","title":{"rendered":"Politique de Livraison et de Retour"},"content":{"rendered":"<div data-elementor-type=\"wp-page\" data-elementor-id=\"20\" class=\"elementor elementor-20\" data-elementor-post-type=\"page\">\n\t\t\t\t<div class=\"elementor-element elementor-element-c12a9ed e-flex e-con-boxed e-con e-parent\" data-id=\"c12a9ed\" data-element_type=\"container\" data-e-type=\"container\">\n\t\t\t\t\t<div class=\"e-con-inner\">\n\t\t<div class=\"elementor-element elementor-element-5978644 e-con-full e-flex e-con e-child\" data-id=\"5978644\" data-element_type=\"container\" data-e-type=\"container\" data-settings=\"{&quot;background_background&quot;:&quot;classic&quot;}\">\n\t\t\t\t<div class=\"elementor-element elementor-element-0e76452 elementor-widget elementor-widget-text-editor\" data-id=\"0e76452\" data-element_type=\"widget\" data-e-type=\"widget\" data-widget_type=\"text-editor.default\">\n\t\t\t\t<div class=\"elementor-widget-container\">\n\t\t\t\t\t\t\t\t\t\n<h3 class=\"wp-block-heading\">Politique de Livraison et de Retour<\/h3>\n<h3>Politique de Livraison<\/h3>\n<p>Nous nous effor\u00e7ons de traiter les commandes dans un d\u00e9lai de deux (2) jours ouvrables (hors samedis et dimanches). Une fois votre commande trait\u00e9e, elle sera livr\u00e9e par le transporteur s\u00e9lectionn\u00e9 par notre \u00e9quipe et vous recevrez un courriel de confirmation avec un num\u00e9ro de suivi.<\/p>\n<p>\u200b<br \/>Pour tous les colis exp\u00e9di\u00e9s au Canada, les frais de livraison sont les suivants :<\/p>\n<ul>\n<li>Un ou deux articles : 10 $<\/li>\n<li>Trois et plus : 18 $<\/li>\n<\/ul>\n<p>*les territoires sont exclus de la livraison gratuite*<\/p>\n<h3>Politique de Ramassage Local<\/h3>\n<p>After receiving an order with the pick-up option, Easy Cr\u00eape will send you an email to make an appointment.\u00a0<em>Apr\u00e8s r\u00e9ception de votre commande avec option de ramassage, Easy Cr\u00eape vous enverra un courriel pour prendre rendez-vous. L'adresse exacte du point de retrait vous sera communiqu\u00e9e uniquement lors de la prise de rendez-vous.<\/em><\/p>\n<h3>Politique de Retour<\/h3>\n<p>En raison de la nature de nos produits, nous n'acceptons pas les retours. Cependant, nous tenons \u00e0 nous assurer de votre enti\u00e8re satisfaction.<\/p>\n<p>Si vous n'\u00eates pas satisfait de nos produits, veuillez nous contacter \u00e0 l'adresse\u00a0<a href=\"mailto:easycrepeinc@gmail.com\">easycrepeinc@gmail.com<\/a>\u00a0en indiquant votre num\u00e9ro de commande et toute autre information utile. Nous garantissons la qualit\u00e9 de nos produits et souhaitons que chacun de nos clients vive une exp\u00e9rience positive.<\/p>\t\t\t\t\t\t\t\t<\/div>\n\t\t\t\t<\/div>\n\t\t\t\t<\/div>\n\t\t\t\t\t<\/div>\n\t\t\t\t<\/div>\n\t\t\t\t<\/div>","protected":false},"excerpt":{"rendered":"<p>Shipping and Return Policy Shipping Policy We aim to process orders within two (2) business days (excluding Saturdays and Sundays). Once your order is processed, it will be delivered using the shipping carrier selected by our team and you will receive an email confirmation with a tracking number for your order. \u200bFor all packages sent [&hellip;]<\/p>","protected":false},"author":1,"featured_media":0,"parent":0,"menu_order":0,"comment_status":"closed","ping_status":"closed","template":"","meta":{"_acf_changed":false,"footnotes":""},"class_list":["post-20","page","type-page","status-publish","hentry"],"acf":[],"yoast_head":"<!-- This site is optimized with the Yoast SEO plugin v25.1 - https:\/\/yoast.com\/wordpress\/plugins\/seo\/ -->\n<title>Shipping and Return Policy - Easy Crepe Inc<\/title>\n<meta name=\"robots\" content=\"index, follow, max-snippet:-1, max-image-preview:large, max-video-preview:-1\" \/>\n<link rel=\"canonical\" href=\"https:\/\/easycrepe.ca\/fr\/shipping-and-return-policy\/\" \/>\n<meta property=\"og:locale\" content=\"fr_FR\" \/>\n<meta property=\"og:type\" content=\"article\" \/>\n<meta property=\"og:title\" content=\"Shipping and Return Policy - Easy Crepe Inc\" \/>\n<meta property=\"og:description\" content=\"Shipping and Return Policy Shipping Policy We aim to process orders within two (2) business days (excluding Saturdays and Sundays). Once your order is processed, it will be delivered using the shipping carrier selected by our team and you will receive an email confirmation with a tracking number for your order. \u200bFor all packages sent [&hellip;]\" \/>\n<meta property=\"og:url\" content=\"https:\/\/easycrepe.ca\/fr\/shipping-and-return-policy\/\" \/>\n<meta property=\"og:site_name\" content=\"Easy Crepe Inc\" \/>\n<meta property=\"article:modified_time\" content=\"2025-03-17T08:05:07+00:00\" \/>\n<meta name=\"twitter:card\" content=\"summary_large_image\" \/>\n<meta name=\"twitter:label1\" content=\"Dur\u00e9e de lecture estim\u00e9e\" \/>\n\t<meta name=\"twitter:data1\" content=\"1 minute\" \/>\n<script type=\"application\/ld+json\" class=\"yoast-schema-graph\">{\"@context\":\"https:\/\/schema.org\",\"@graph\":[{\"@type\":\"WebPage\",\"@id\":\"https:\/\/easycrepe.ca\/shipping-and-return-policy\/\",\"url\":\"https:\/\/easycrepe.ca\/shipping-and-return-policy\/\",\"name\":\"Shipping and Return Policy - Easy Crepe Inc\",\"isPartOf\":{\"@id\":\"https:\/\/easycrepe.ca\/fr\/#website\"},\"datePublished\":\"2025-01-23T05:33:23+00:00\",\"dateModified\":\"2025-03-17T08:05:07+00:00\",\"breadcrumb\":{\"@id\":\"https:\/\/easycrepe.ca\/shipping-and-return-policy\/#breadcrumb\"},\"inLanguage\":\"fr-FR\",\"potentialAction\":[{\"@type\":\"ReadAction\",\"target\":[\"https:\/\/easycrepe.ca\/shipping-and-return-policy\/\"]}]},{\"@type\":\"BreadcrumbList\",\"@id\":\"https:\/\/easycrepe.ca\/shipping-and-return-policy\/#breadcrumb\",\"itemListElement\":[{\"@type\":\"ListItem\",\"position\":1,\"name\":\"Home\",\"item\":\"https:\/\/easycrepe.ca\/fr\/\"},{\"@type\":\"ListItem\",\"position\":2,\"name\":\"Shipping and Return Policy\"}]},{\"@type\":\"WebSite\",\"@id\":\"https:\/\/easycrepe.ca\/fr\/#website\",\"url\":\"https:\/\/easycrepe.ca\/fr\/\",\"name\":\"Easy Crepe Inc\",\"description\":\"\",\"potentialAction\":[{\"@type\":\"SearchAction\",\"target\":{\"@type\":\"EntryPoint\",\"urlTemplate\":\"https:\/\/easycrepe.ca\/fr\/?s={search_term_string}\"},\"query-input\":{\"@type\":\"PropertyValueSpecification\",\"valueRequired\":true,\"valueName\":\"search_term_string\"}}],\"inLanguage\":\"fr-FR\"}]}<\/script>\n<!-- \/ Yoast SEO plugin. -->","yoast_head_json":{"title":"Shipping and Return Policy - Easy Crepe Inc","robots":{"index":"index","follow":"follow","max-snippet":"max-snippet:-1","max-image-preview":"max-image-preview:large","max-video-preview":"max-video-preview:-1"},"canonical":"https:\/\/easycrepe.ca\/fr\/shipping-and-return-policy\/","og_locale":"fr_FR","og_type":"article","og_title":"Shipping and Return Policy - Easy Crepe Inc","og_description":"Shipping and Return Policy Shipping Policy We aim to process orders within two (2) business days (excluding Saturdays and Sundays). Once your order is processed, it will be delivered using the shipping carrier selected by our team and you will receive an email confirmation with a tracking number for your order. \u200bFor all packages sent [&hellip;]","og_url":"https:\/\/easycrepe.ca\/fr\/shipping-and-return-policy\/","og_site_name":"Easy Crepe Inc","article_modified_time":"2025-03-17T08:05:07+00:00","twitter_card":"summary_large_image","twitter_misc":{"Dur\u00e9e de lecture estim\u00e9e":"1 minute"},"schema":{"@context":"https:\/\/schema.org","@graph":[{"@type":"WebPage","@id":"https:\/\/easycrepe.ca\/shipping-and-return-policy\/","url":"https:\/\/easycrepe.ca\/shipping-and-return-policy\/","name":"Shipping and Return Policy - Easy Crepe Inc","isPartOf":{"@id":"https:\/\/easycrepe.ca\/fr\/#website"},"datePublished":"2025-01-23T05:33:23+00:00","dateModified":"2025-03-17T08:05:07+00:00","breadcrumb":{"@id":"https:\/\/easycrepe.ca\/shipping-and-return-policy\/#breadcrumb"},"inLanguage":"fr-FR","potentialAction":[{"@type":"ReadAction","target":["https:\/\/easycrepe.ca\/shipping-and-return-policy\/"]}]},{"@type":"BreadcrumbList","@id":"https:\/\/easycrepe.ca\/shipping-and-return-policy\/#breadcrumb","itemListElement":[{"@type":"ListItem","position":1,"name":"Home","item":"https:\/\/easycrepe.ca\/fr\/"},{"@type":"ListItem","position":2,"name":"Shipping and Return Policy"}]},{"@type":"WebSite","@id":"https:\/\/easycrepe.ca\/fr\/#website","url":"https:\/\/easycrepe.ca\/fr\/","name":"Easy Crepe Inc","description":"","potentialAction":[{"@type":"SearchAction","target":{"@type":"EntryPoint","urlTemplate":"https:\/\/easycrepe.ca\/fr\/?s={search_term_string}"},"query-input":{"@type":"PropertyValueSpecification","valueRequired":true,"valueName":"search_term_string"}}],"inLanguage":"fr-FR"}]}},"_links":{"self":[{"href":"https:\/\/easycrepe.ca\/fr\/wp-json\/wp\/v2\/pages\/20","targetHints":{"allow":["GET"]}}],"collection":[{"href":"https:\/\/easycrepe.ca\/fr\/wp-json\/wp\/v2\/pages"}],"about":[{"href":"https:\/\/easycrepe.ca\/fr\/wp-json\/wp\/v2\/types\/page"}],"author":[{"embeddable":true,"href":"https:\/\/easycrepe.ca\/fr\/wp-json\/wp\/v2\/users\/1"}],"replies":[{"embeddable":true,"href":"https:\/\/easycrepe.ca\/fr\/wp-json\/wp\/v2\/comments?post=20"}],"version-history":[{"count":3,"href":"https:\/\/easycrepe.ca\/fr\/wp-json\/wp\/v2\/pages\/20\/revisions"}],"predecessor-version":[{"id":1152,"href":"https:\/\/easycrepe.ca\/fr\/wp-json\/wp\/v2\/pages\/20\/revisions\/1152"}],"wp:attachment":[{"href":"https:\/\/easycrepe.ca\/fr\/wp-json\/wp\/v2\/media?parent=20"}],"curies":[{"name":"wp","href":"https:\/\/api.w.org\/{rel}","templated":true}]}}