{"id":3,"date":"2025-01-23T05:23:06","date_gmt":"2025-01-23T05:23:06","guid":{"rendered":"https:\/\/easycrepe.ca\/?page_id=3"},"modified":"2025-04-07T06:31:22","modified_gmt":"2025-04-07T06:31:22","slug":"privacy-policy","status":"publish","type":"page","link":"https:\/\/easycrepe.ca\/fr\/privacy-policy\/","title":{"rendered":"Politique de confidentialit\u00e9"},"content":{"rendered":"<div data-elementor-type=\"wp-page\" data-elementor-id=\"3\" class=\"elementor elementor-3\" data-elementor-post-type=\"page\">\n\t\t\t\t<div class=\"elementor-element elementor-element-3819aacc e-flex e-con-boxed e-con e-parent\" data-id=\"3819aacc\" data-element_type=\"container\" data-e-type=\"container\">\n\t\t\t\t\t<div class=\"e-con-inner\">\n\t\t<div class=\"elementor-element elementor-element-853bae4 e-con-full e-flex e-con e-child\" data-id=\"853bae4\" data-element_type=\"container\" data-e-type=\"container\" data-settings=\"{&quot;background_background&quot;:&quot;classic&quot;}\">\n\t\t\t\t<div class=\"elementor-element elementor-element-240c1e72 elementor-widget elementor-widget-text-editor\" data-id=\"240c1e72\" data-element_type=\"widget\" data-e-type=\"widget\" data-widget_type=\"text-editor.default\">\n\t\t\t\t<div class=\"elementor-widget-container\">\n\t\t\t\t\t\t\t\t\t\n<h3 class=\"wp-block-heading\">Politique de confidentialit\u00e9<\/h3>\n<p>LA CONFIDENTAILIT\u00c9 DES INFORMATIONS PARTAG\u00c9ES PAR SES CLIENTS EST UNE PRIORIT\u00c9 POUR EASY CR\u00caPE.<\/p>\n<h3>Informations personnelles<\/h3>\n<p>Lorsque vous passez commande chez Easy Cr\u00eape, nous avons besoin des informations suivantes pour finaliser votre commande : pr\u00e9nom, nom, adresse postale, e-mail, num\u00e9ro de t\u00e9l\u00e9phone et coordonn\u00e9es bancaires (selon le mode de paiement utilis\u00e9).<br \/>Easy Cr\u00eape ne partage en aucun cas vos informations personnelles avec des tiers, \u00e0 l'exception bien s\u00fbr de vos nom et adresse postale, transmis aux services postaux pour l'exp\u00e9dition de votre commande.<br \/>Easy Cr\u00eape utilise la c\u00e9l\u00e8bre plateforme WooCommerce pour sa boutique en ligne et son syst\u00e8me de paiement. Tous les paiements effectu\u00e9s via WooCommerce sont s\u00e9curis\u00e9s.<\/p>\n<h3>Remarques importantes<\/h3>\n<ul>\n<li>En remplissant le formulaire d'inscription \u00e0 la newsletter, vous autorisez le partage de votre adresse e-mail et de votre nom complet avec Easy Cr\u00eape.<\/li>\n<\/ul>\n<p><br \/>Pour toute question ou demande sp\u00e9cifique concernant la politique de confidentialit\u00e9, veuillez contacter Easy Cr\u00eape \u00e0 l'adresse : easycrepeinc@gmail.com<\/p>\t\t\t\t\t\t\t\t<\/div>\n\t\t\t\t<\/div>\n\t\t\t\t<\/div>\n\t\t\t\t\t<\/div>\n\t\t\t\t<\/div>\n\t\t\t\t<\/div>","protected":false},"excerpt":{"rendered":"<p>Privacy Policy THE CONFIDENTIALITY OF INFORMATION SHARED BY ITS CUSTOMERS IS A PRIORITY FOR EASY CR\u00caPE. Personal informations When you place an order with Easy Cr\u00eape, we need the following information in order to successfully complete your order: First Name, Last Name, Postal Address, Email, Phone Number, Bank Details (depending on payment method).Under no circumstances [&hellip;]<\/p>","protected":false},"author":1,"featured_media":0,"parent":0,"menu_order":0,"comment_status":"closed","ping_status":"open","template":"","meta":{"_acf_changed":false,"footnotes":""},"class_list":["post-3","page","type-page","status-publish","hentry"],"acf":[],"yoast_head":"<!-- This site is optimized with the Yoast SEO plugin v25.1 - https:\/\/yoast.com\/wordpress\/plugins\/seo\/ -->\n<title>Privacy Policy - Easy Crepe Inc<\/title>\n<meta name=\"robots\" content=\"index, follow, max-snippet:-1, max-image-preview:large, max-video-preview:-1\" \/>\n<link rel=\"canonical\" href=\"https:\/\/easycrepe.ca\/fr\/privacy-policy\/\" \/>\n<meta property=\"og:locale\" content=\"fr_FR\" \/>\n<meta property=\"og:type\" content=\"article\" \/>\n<meta property=\"og:title\" content=\"Privacy Policy - Easy Crepe Inc\" \/>\n<meta property=\"og:description\" content=\"Privacy Policy THE CONFIDENTIALITY OF INFORMATION SHARED BY ITS CUSTOMERS IS A PRIORITY FOR EASY CR\u00caPE. Personal informations When you place an order with Easy Cr\u00eape, we need the following information in order to successfully complete your order: First Name, Last Name, Postal Address, Email, Phone Number, Bank Details (depending on payment method).Under no circumstances [&hellip;]\" \/>\n<meta property=\"og:url\" content=\"https:\/\/easycrepe.ca\/fr\/privacy-policy\/\" \/>\n<meta property=\"og:site_name\" content=\"Easy Crepe Inc\" \/>\n<meta property=\"article:modified_time\" content=\"2025-04-07T06:31:22+00:00\" \/>\n<meta name=\"twitter:card\" content=\"summary_large_image\" \/>\n<meta name=\"twitter:label1\" content=\"Dur\u00e9e de lecture estim\u00e9e\" \/>\n\t<meta name=\"twitter:data1\" content=\"1 minute\" \/>\n<script type=\"application\/ld+json\" class=\"yoast-schema-graph\">{\"@context\":\"https:\/\/schema.org\",\"@graph\":[{\"@type\":\"WebPage\",\"@id\":\"https:\/\/easycrepe.ca\/privacy-policy\/\",\"url\":\"https:\/\/easycrepe.ca\/privacy-policy\/\",\"name\":\"Privacy Policy - Easy Crepe Inc\",\"isPartOf\":{\"@id\":\"https:\/\/easycrepe.ca\/fr\/#website\"},\"datePublished\":\"2025-01-23T05:23:06+00:00\",\"dateModified\":\"2025-04-07T06:31:22+00:00\",\"breadcrumb\":{\"@id\":\"https:\/\/easycrepe.ca\/privacy-policy\/#breadcrumb\"},\"inLanguage\":\"fr-FR\",\"potentialAction\":[{\"@type\":\"ReadAction\",\"target\":[\"https:\/\/easycrepe.ca\/privacy-policy\/\"]}]},{\"@type\":\"BreadcrumbList\",\"@id\":\"https:\/\/easycrepe.ca\/privacy-policy\/#breadcrumb\",\"itemListElement\":[{\"@type\":\"ListItem\",\"position\":1,\"name\":\"Home\",\"item\":\"https:\/\/easycrepe.ca\/fr\/\"},{\"@type\":\"ListItem\",\"position\":2,\"name\":\"Privacy Policy\"}]},{\"@type\":\"WebSite\",\"@id\":\"https:\/\/easycrepe.ca\/fr\/#website\",\"url\":\"https:\/\/easycrepe.ca\/fr\/\",\"name\":\"Easy Crepe Inc\",\"description\":\"\",\"potentialAction\":[{\"@type\":\"SearchAction\",\"target\":{\"@type\":\"EntryPoint\",\"urlTemplate\":\"https:\/\/easycrepe.ca\/fr\/?s={search_term_string}\"},\"query-input\":{\"@type\":\"PropertyValueSpecification\",\"valueRequired\":true,\"valueName\":\"search_term_string\"}}],\"inLanguage\":\"fr-FR\"}]}<\/script>\n<!-- \/ Yoast SEO plugin. -->","yoast_head_json":{"title":"Privacy Policy - Easy Crepe Inc","robots":{"index":"index","follow":"follow","max-snippet":"max-snippet:-1","max-image-preview":"max-image-preview:large","max-video-preview":"max-video-preview:-1"},"canonical":"https:\/\/easycrepe.ca\/fr\/privacy-policy\/","og_locale":"fr_FR","og_type":"article","og_title":"Privacy Policy - Easy Crepe Inc","og_description":"Privacy Policy THE CONFIDENTIALITY OF INFORMATION SHARED BY ITS CUSTOMERS IS A PRIORITY FOR EASY CR\u00caPE. Personal informations When you place an order with Easy Cr\u00eape, we need the following information in order to successfully complete your order: First Name, Last Name, Postal Address, Email, Phone Number, Bank Details (depending on payment method).Under no circumstances [&hellip;]","og_url":"https:\/\/easycrepe.ca\/fr\/privacy-policy\/","og_site_name":"Easy Crepe Inc","article_modified_time":"2025-04-07T06:31:22+00:00","twitter_card":"summary_large_image","twitter_misc":{"Dur\u00e9e de lecture estim\u00e9e":"1 minute"},"schema":{"@context":"https:\/\/schema.org","@graph":[{"@type":"WebPage","@id":"https:\/\/easycrepe.ca\/privacy-policy\/","url":"https:\/\/easycrepe.ca\/privacy-policy\/","name":"Privacy Policy - Easy Crepe Inc","isPartOf":{"@id":"https:\/\/easycrepe.ca\/fr\/#website"},"datePublished":"2025-01-23T05:23:06+00:00","dateModified":"2025-04-07T06:31:22+00:00","breadcrumb":{"@id":"https:\/\/easycrepe.ca\/privacy-policy\/#breadcrumb"},"inLanguage":"fr-FR","potentialAction":[{"@type":"ReadAction","target":["https:\/\/easycrepe.ca\/privacy-policy\/"]}]},{"@type":"BreadcrumbList","@id":"https:\/\/easycrepe.ca\/privacy-policy\/#breadcrumb","itemListElement":[{"@type":"ListItem","position":1,"name":"Home","item":"https:\/\/easycrepe.ca\/fr\/"},{"@type":"ListItem","position":2,"name":"Privacy Policy"}]},{"@type":"WebSite","@id":"https:\/\/easycrepe.ca\/fr\/#website","url":"https:\/\/easycrepe.ca\/fr\/","name":"Easy Crepe Inc","description":"","potentialAction":[{"@type":"SearchAction","target":{"@type":"EntryPoint","urlTemplate":"https:\/\/easycrepe.ca\/fr\/?s={search_term_string}"},"query-input":{"@type":"PropertyValueSpecification","valueRequired":true,"valueName":"search_term_string"}}],"inLanguage":"fr-FR"}]}},"_links":{"self":[{"href":"https:\/\/easycrepe.ca\/fr\/wp-json\/wp\/v2\/pages\/3","targetHints":{"allow":["GET"]}}],"collection":[{"href":"https:\/\/easycrepe.ca\/fr\/wp-json\/wp\/v2\/pages"}],"about":[{"href":"https:\/\/easycrepe.ca\/fr\/wp-json\/wp\/v2\/types\/page"}],"author":[{"embeddable":true,"href":"https:\/\/easycrepe.ca\/fr\/wp-json\/wp\/v2\/users\/1"}],"replies":[{"embeddable":true,"href":"https:\/\/easycrepe.ca\/fr\/wp-json\/wp\/v2\/comments?post=3"}],"version-history":[{"count":9,"href":"https:\/\/easycrepe.ca\/fr\/wp-json\/wp\/v2\/pages\/3\/revisions"}],"predecessor-version":[{"id":1271,"href":"https:\/\/easycrepe.ca\/fr\/wp-json\/wp\/v2\/pages\/3\/revisions\/1271"}],"wp:attachment":[{"href":"https:\/\/easycrepe.ca\/fr\/wp-json\/wp\/v2\/media?parent=3"}],"curies":[{"name":"wp","href":"https:\/\/api.w.org\/{rel}","templated":true}]}}