{"id":228,"date":"2025-01-23T10:28:58","date_gmt":"2025-01-23T10:28:58","guid":{"rendered":"https:\/\/easycrepe.ca\/?post_type=product&#038;p=228"},"modified":"2025-05-21T07:43:38","modified_gmt":"2025-05-21T07:43:38","slug":"easy-crepe-250g","status":"publish","type":"product","link":"https:\/\/easycrepe.ca\/fr\/produit\/easy-crepe-250g\/","title":{"rendered":"M\u00e9lange Easy Cr\u00eape ( 250g)"},"content":{"rendered":"<h3>Version Originale<\/h3>\n<p>Savourez de d\u00e9licieuses cr\u00eapes fran\u00e7aises, sucr\u00e9es ou sal\u00e9es, en quelques minutes seulement ! Ajoutez de l'eau au m\u00e9lange et r\u00e9alisez des cr\u00eapes parfaites sans effort.<\/p>\n<ul>\n<li>Sans colorants ni ar\u00f4mes artificiels<\/li>\n<li>Fait avec 4 ingr\u00e9dients naturels seulement<\/li>\n<li>Fait \u00e0 la main au Canada<\/li>\n<\/ul>\n<p>Format : 250g<br \/>\nPr\u00eat en : Minutes<\/p>","protected":false},"excerpt":{"rendered":"<p>Original Version Enjoy delicious French cr\u00eapes, sweet or savoury, in just minutes! Add water to the mix and create perfect cr\u00eapes effortlessly. No artificial colours or flavours Made with only 4 natural ingredients Handmade in Canada Pack Size: 250g Ready in: Minutes<\/p>","protected":false},"featured_media":1244,"comment_status":"open","ping_status":"closed","template":"","meta":{"_acf_changed":false},"product_brand":[],"product_cat":[16],"product_tag":[],"class_list":{"0":"post-228","1":"product","2":"type-product","3":"status-publish","4":"has-post-thumbnail","6":"product_cat-crepe-mix","8":"first","9":"instock","10":"taxable","11":"shipping-taxable","12":"purchasable","13":"product-type-simple"},"acf":[],"yoast_head":"<!-- This site is optimized with the Yoast SEO plugin v27.6 - https:\/\/yoast.com\/product\/yoast-seo-wordpress\/ -->\n<title>Easy Cr\u00eapes Mix (250g) - Easy Crepe Inc<\/title>\n<meta name=\"robots\" content=\"index, follow, max-snippet:-1, max-image-preview:large, max-video-preview:-1\" \/>\n<link rel=\"canonical\" href=\"https:\/\/easycrepe.ca\/fr\/produit\/easy-crepe-250g\/\" \/>\n<meta property=\"og:locale\" content=\"fr_FR\" \/>\n<meta property=\"og:type\" content=\"article\" \/>\n<meta property=\"og:title\" content=\"Easy Cr\u00eapes Mix (250g) - Easy Crepe Inc\" \/>\n<meta property=\"og:description\" content=\"Original Version Enjoy delicious French cr\u00eapes, sweet or savoury, in just minutes! Add water to the mix and create perfect cr\u00eapes effortlessly. No artificial colours or flavours Made with only 4 natural ingredients Handmade in Canada Pack Size: 250g Ready in: Minutes\" \/>\n<meta property=\"og:url\" content=\"https:\/\/easycrepe.ca\/fr\/produit\/easy-crepe-250g\/\" \/>\n<meta property=\"og:site_name\" content=\"Easy Crepe Inc\" \/>\n<meta property=\"article:modified_time\" content=\"2025-05-21T07:43:38+00:00\" \/>\n<meta property=\"og:image\" content=\"https:\/\/easycrepe.ca\/wp-content\/uploads\/2025\/01\/Easy-Crepe-250g-2.png\" \/>\n\t<meta property=\"og:image:width\" content=\"1890\" \/>\n\t<meta property=\"og:image:height\" content=\"2717\" \/>\n\t<meta property=\"og:image:type\" content=\"image\/png\" \/>\n<meta name=\"twitter:card\" content=\"summary_large_image\" \/>\n<meta name=\"twitter:label1\" content=\"Dur\u00e9e de lecture estim\u00e9e\" \/>\n\t<meta name=\"twitter:data1\" content=\"1 minute\" \/>\n<script type=\"application\/ld+json\" class=\"yoast-schema-graph\">{\"@context\":\"https:\\\/\\\/schema.org\",\"@graph\":[{\"@type\":\"WebPage\",\"@id\":\"https:\\\/\\\/easycrepe.ca\\\/fr\\\/produit\\\/easy-crepe-250g\\\/\",\"url\":\"https:\\\/\\\/easycrepe.ca\\\/fr\\\/produit\\\/easy-crepe-250g\\\/\",\"name\":\"Easy Cr\u00eapes Mix (250g) - Easy Crepe Inc\",\"isPartOf\":{\"@id\":\"https:\\\/\\\/easycrepe.ca\\\/fr\\\/#website\"},\"primaryImageOfPage\":{\"@id\":\"https:\\\/\\\/easycrepe.ca\\\/fr\\\/produit\\\/easy-crepe-250g\\\/#primaryimage\"},\"image\":{\"@id\":\"https:\\\/\\\/easycrepe.ca\\\/fr\\\/produit\\\/easy-crepe-250g\\\/#primaryimage\"},\"thumbnailUrl\":\"https:\\\/\\\/easycrepe.ca\\\/wp-content\\\/uploads\\\/2025\\\/01\\\/Easy-Crepe-250g-2.png\",\"datePublished\":\"2025-01-23T10:28:58+00:00\",\"dateModified\":\"2025-05-21T07:43:38+00:00\",\"breadcrumb\":{\"@id\":\"https:\\\/\\\/easycrepe.ca\\\/fr\\\/produit\\\/easy-crepe-250g\\\/#breadcrumb\"},\"inLanguage\":\"fr-FR\",\"potentialAction\":[{\"@type\":\"ReadAction\",\"target\":[\"https:\\\/\\\/easycrepe.ca\\\/fr\\\/produit\\\/easy-crepe-250g\\\/\"]}]},{\"@type\":\"ImageObject\",\"inLanguage\":\"fr-FR\",\"@id\":\"https:\\\/\\\/easycrepe.ca\\\/fr\\\/produit\\\/easy-crepe-250g\\\/#primaryimage\",\"url\":\"https:\\\/\\\/easycrepe.ca\\\/wp-content\\\/uploads\\\/2025\\\/01\\\/Easy-Crepe-250g-2.png\",\"contentUrl\":\"https:\\\/\\\/easycrepe.ca\\\/wp-content\\\/uploads\\\/2025\\\/01\\\/Easy-Crepe-250g-2.png\",\"width\":1890,\"height\":2717},{\"@type\":\"BreadcrumbList\",\"@id\":\"https:\\\/\\\/easycrepe.ca\\\/fr\\\/produit\\\/easy-crepe-250g\\\/#breadcrumb\",\"itemListElement\":[{\"@type\":\"ListItem\",\"position\":1,\"name\":\"Home\",\"item\":\"https:\\\/\\\/easycrepe.ca\\\/fr\\\/\"},{\"@type\":\"ListItem\",\"position\":2,\"name\":\"Shop\",\"item\":\"https:\\\/\\\/easycrepe.ca\\\/fr\\\/shop\\\/\"},{\"@type\":\"ListItem\",\"position\":3,\"name\":\"Easy Cr\u00eapes Mix (250g)\"}]},{\"@type\":\"WebSite\",\"@id\":\"https:\\\/\\\/easycrepe.ca\\\/fr\\\/#website\",\"url\":\"https:\\\/\\\/easycrepe.ca\\\/fr\\\/\",\"name\":\"Easy Crepe Inc\",\"description\":\"\",\"potentialAction\":[{\"@type\":\"SearchAction\",\"target\":{\"@type\":\"EntryPoint\",\"urlTemplate\":\"https:\\\/\\\/easycrepe.ca\\\/fr\\\/?s={search_term_string}\"},\"query-input\":{\"@type\":\"PropertyValueSpecification\",\"valueRequired\":true,\"valueName\":\"search_term_string\"}}],\"inLanguage\":\"fr-FR\"}]}<\/script>\n<!-- \/ Yoast SEO plugin. -->","yoast_head_json":{"title":"Easy Cr\u00eapes Mix (250g) - Easy Crepe Inc","robots":{"index":"index","follow":"follow","max-snippet":"max-snippet:-1","max-image-preview":"max-image-preview:large","max-video-preview":"max-video-preview:-1"},"canonical":"https:\/\/easycrepe.ca\/fr\/produit\/easy-crepe-250g\/","og_locale":"fr_FR","og_type":"article","og_title":"Easy Cr\u00eapes Mix (250g) - Easy Crepe Inc","og_description":"Original Version Enjoy delicious French cr\u00eapes, sweet or savoury, in just minutes! Add water to the mix and create perfect cr\u00eapes effortlessly. No artificial colours or flavours Made with only 4 natural ingredients Handmade in Canada Pack Size: 250g Ready in: Minutes","og_url":"https:\/\/easycrepe.ca\/fr\/produit\/easy-crepe-250g\/","og_site_name":"Easy Crepe Inc","article_modified_time":"2025-05-21T07:43:38+00:00","og_image":[{"width":1890,"height":2717,"url":"https:\/\/easycrepe.ca\/wp-content\/uploads\/2025\/01\/Easy-Crepe-250g-2.png","type":"image\/png"}],"twitter_card":"summary_large_image","twitter_misc":{"Dur\u00e9e de lecture estim\u00e9e":"1 minute"},"schema":{"@context":"https:\/\/schema.org","@graph":[{"@type":"WebPage","@id":"https:\/\/easycrepe.ca\/fr\/produit\/easy-crepe-250g\/","url":"https:\/\/easycrepe.ca\/fr\/produit\/easy-crepe-250g\/","name":"Easy Cr\u00eapes Mix (250g) - Easy Crepe Inc","isPartOf":{"@id":"https:\/\/easycrepe.ca\/fr\/#website"},"primaryImageOfPage":{"@id":"https:\/\/easycrepe.ca\/fr\/produit\/easy-crepe-250g\/#primaryimage"},"image":{"@id":"https:\/\/easycrepe.ca\/fr\/produit\/easy-crepe-250g\/#primaryimage"},"thumbnailUrl":"https:\/\/easycrepe.ca\/wp-content\/uploads\/2025\/01\/Easy-Crepe-250g-2.png","datePublished":"2025-01-23T10:28:58+00:00","dateModified":"2025-05-21T07:43:38+00:00","breadcrumb":{"@id":"https:\/\/easycrepe.ca\/fr\/produit\/easy-crepe-250g\/#breadcrumb"},"inLanguage":"fr-FR","potentialAction":[{"@type":"ReadAction","target":["https:\/\/easycrepe.ca\/fr\/produit\/easy-crepe-250g\/"]}]},{"@type":"ImageObject","inLanguage":"fr-FR","@id":"https:\/\/easycrepe.ca\/fr\/produit\/easy-crepe-250g\/#primaryimage","url":"https:\/\/easycrepe.ca\/wp-content\/uploads\/2025\/01\/Easy-Crepe-250g-2.png","contentUrl":"https:\/\/easycrepe.ca\/wp-content\/uploads\/2025\/01\/Easy-Crepe-250g-2.png","width":1890,"height":2717},{"@type":"BreadcrumbList","@id":"https:\/\/easycrepe.ca\/fr\/produit\/easy-crepe-250g\/#breadcrumb","itemListElement":[{"@type":"ListItem","position":1,"name":"Home","item":"https:\/\/easycrepe.ca\/fr\/"},{"@type":"ListItem","position":2,"name":"Shop","item":"https:\/\/easycrepe.ca\/fr\/shop\/"},{"@type":"ListItem","position":3,"name":"Easy Cr\u00eapes Mix (250g)"}]},{"@type":"WebSite","@id":"https:\/\/easycrepe.ca\/fr\/#website","url":"https:\/\/easycrepe.ca\/fr\/","name":"Easy Crepe Inc","description":"","potentialAction":[{"@type":"SearchAction","target":{"@type":"EntryPoint","urlTemplate":"https:\/\/easycrepe.ca\/fr\/?s={search_term_string}"},"query-input":{"@type":"PropertyValueSpecification","valueRequired":true,"valueName":"search_term_string"}}],"inLanguage":"fr-FR"}]}},"_links":{"self":[{"href":"https:\/\/easycrepe.ca\/fr\/wp-json\/wp\/v2\/product\/228","targetHints":{"allow":["GET"]}}],"collection":[{"href":"https:\/\/easycrepe.ca\/fr\/wp-json\/wp\/v2\/product"}],"about":[{"href":"https:\/\/easycrepe.ca\/fr\/wp-json\/wp\/v2\/types\/product"}],"replies":[{"embeddable":true,"href":"https:\/\/easycrepe.ca\/fr\/wp-json\/wp\/v2\/comments?post=228"}],"version-history":[{"count":13,"href":"https:\/\/easycrepe.ca\/fr\/wp-json\/wp\/v2\/product\/228\/revisions"}],"predecessor-version":[{"id":1246,"href":"https:\/\/easycrepe.ca\/fr\/wp-json\/wp\/v2\/product\/228\/revisions\/1246"}],"wp:featuredmedia":[{"embeddable":true,"href":"https:\/\/easycrepe.ca\/fr\/wp-json\/wp\/v2\/media\/1244"}],"wp:attachment":[{"href":"https:\/\/easycrepe.ca\/fr\/wp-json\/wp\/v2\/media?parent=228"}],"wp:term":[{"taxonomy":"product_brand","embeddable":true,"href":"https:\/\/easycrepe.ca\/fr\/wp-json\/wp\/v2\/product_brand?post=228"},{"taxonomy":"product_cat","embeddable":true,"href":"https:\/\/easycrepe.ca\/fr\/wp-json\/wp\/v2\/product_cat?post=228"},{"taxonomy":"product_tag","embeddable":true,"href":"https:\/\/easycrepe.ca\/fr\/wp-json\/wp\/v2\/product_tag?post=228"}],"curies":[{"name":"wp","href":"https:\/\/api.w.org\/{rel}","templated":true}]}}